{"id":1746,"date":"2024-07-15T17:23:23","date_gmt":"2024-07-15T17:23:23","guid":{"rendered":"https:\/\/kazarishop.com.br\/?post_type=product&#038;p=1746"},"modified":"2024-07-15T17:25:19","modified_gmt":"2024-07-15T17:25:19","slug":"porta-toalha-de-papel-redondo-patinho-amarelo","status":"publish","type":"product","link":"https:\/\/kazarishop.com.br\/index.php\/product\/porta-toalha-de-papel-redondo-patinho-amarelo\/","title":{"rendered":"Porta toalha de papel redondo patinho amarelo"},"content":{"rendered":"<ul class=\"a-unordered-list a-vertical a-spacing-mini\">\n<li class=\"a-spacing-mini\"><span class=\"a-list-item\">Esta caixa de len\u00e7os tem um design simples e pode conter len\u00e7os suficientes, tornando-a muito conveniente de usar.<\/span><\/li>\n<li class=\"a-spacing-mini\"><span class=\"a-list-item\">N\u00e3o \u00e9 apenas a caixa de tecido montada na parede, ou decora\u00e7\u00f5es divertidas, forma oca, colocar o tecido \u00e9 muito conveniente.<\/span><\/li>\n<li class=\"a-spacing-mini\"><span class=\"a-list-item\">Sa\u00edda de papel ampliada, confort\u00e1vel de usar, retendo cada papel completo, material engrossado, longa vida \u00fatil.<\/span><\/li>\n<li class=\"a-spacing-mini\"><span class=\"a-list-item\">F\u00e1cil de instalar, sem marcas de pregos, forte capacidade de carga, bordas arredondadas, sem rebarbas, sem ferimentos nas m\u00e3os.<\/span><\/li>\n<li class=\"a-spacing-mini\"><span class=\"a-list-item\">A cor e o estilo desta caixa gaveta est\u00e3o muito na moda, podendo combinar com o estilo da casa.<\/span><\/li>\n<\/ul>\n<p><strong><span id=\"tl_2\" data-spm-anchor-id=\"a2g0o.detail.1000023.i0.7382CUxoCUxoi7\">Descri\u00e7\u00e3o:<br \/>\n<\/span><\/strong><\/p>\n<p><span id=\"tl_3\">Produto: Cartoon parede tecido caixa montada<\/span><\/p>\n<p><span id=\"tl_4\">Materiais:<\/span><\/p>\n<p><span id=\"tl_5\">Cor: amarelo<\/span><\/p>\n<p><span id=\"tl_6\">Tamanho: 13x12x17cm<\/span><\/p>\n<p><span id=\"tl_7\">Peso: Round 62g Quadrado 70.5g<\/span><\/p>\n<p><span id=\"tl_8\">Papel m\u00e9todo extra\u00e7\u00e3o: frente\/extra\u00e7\u00e3o inferior<\/span><\/p>\n<p><span id=\"tl_9\">Cena aplic\u00e1vel: papel higi\u00eanico, papel tissue, toalha de rosto, produtos dos cuidados com a pele, etc.<\/span><\/p>\n<p><span id=\"tl_10\">Estilo: simples, bonito, elegante<\/span><\/p>\n<p><strong><span id=\"tl_11\">Especifica\u00e7\u00f5es:<br \/>\n<\/span><\/strong><\/p>\n<p><span id=\"tl_12\">1. O material \u00e9 preferido, os detalhes s\u00e3o requintados, o design oco n\u00e3o tem medo de umidade, e \u00e9 f\u00e1cil de drenar e ventilar;<\/span><\/p>\n<p><span id=\"tl_13\">2. Design montado na parede sem furos e sem vest\u00edgios, sem pregos, sem perfura\u00e7\u00e3o e sem danos \u00e0 parede, f\u00e1cil instala\u00e7\u00e3o e pasta firme;<\/span><\/p>\n<p><span id=\"tl_14\">3. Projeto ampliado da capacidade, tomada de papel ampliada, puxando liso, uso multiuso, pode armazenar toalhas de papel, toalhas de rosto, cosm\u00e9ticos, etc.;<\/span><\/p>\n<p><span id=\"tl_15\">4. simples e bonito estilo de moda cartoon, aumentar o interesse e tornar a vida dom\u00e9stica mais colorida.<\/span><\/p>\n<p><strong><span id=\"tl_16\">Pacote inclu\u00eddo:<br \/>\n<\/span><\/strong><\/p>\n<p><span id=\"tl_17\">Caixa do tecido * 1<\/span><\/p>\n<p><strong><span id=\"tl_18\">Notas:<br \/>\n<\/span><\/strong><\/p>\n<p><span id=\"tl_19\">Dicas:<\/span><\/p>\n<p><span id=\"tl_20\">1. Como computadores diferentes exibem cores diferentes, a cor real pode ser ligeiramente diferente da imagem. -Obrigado pela sua compreens\u00e3o.<\/span><\/p>\n<p><span id=\"tl_21\">2. As dimens\u00f5es acima s\u00e3o medidas manualmente. Haver\u00e1 um erro de 0-1 cm devido a diferentes m\u00e9todos de medi\u00e7\u00e3o. Os dados relevantes s\u00e3o apenas para refer\u00eancia, e o produto real deve prevalecer.<\/span><\/p>\n","protected":false},"excerpt":{"rendered":"<h3 class=\"product-intro__head-name fsp-element\" tabindex=\"0\">Pe\u00e7a Porta Papel Higi\u00eanico Com Design De Pato De Desenho Animado, Suporte De Armazenamento Montado Na Parede Para O Banheiro<\/h3>\n","protected":false},"featured_media":1749,"template":"","meta":{"om_disable_all_campaigns":false,"_monsterinsights_skip_tracking":false,"_monsterinsights_sitenote_active":false,"_monsterinsights_sitenote_note":"","_monsterinsights_sitenote_category":0},"etheme_brands":[],"product_cat":[15],"product_tag":[],"_links":{"self":[{"href":"https:\/\/kazarishop.com.br\/index.php\/wp-json\/wp\/v2\/product\/1746"}],"collection":[{"href":"https:\/\/kazarishop.com.br\/index.php\/wp-json\/wp\/v2\/product"}],"about":[{"href":"https:\/\/kazarishop.com.br\/index.php\/wp-json\/wp\/v2\/types\/product"}],"version-history":[{"count":3,"href":"https:\/\/kazarishop.com.br\/index.php\/wp-json\/wp\/v2\/product\/1746\/revisions"}],"predecessor-version":[{"id":1752,"href":"https:\/\/kazarishop.com.br\/index.php\/wp-json\/wp\/v2\/product\/1746\/revisions\/1752"}],"wp:featuredmedia":[{"embeddable":true,"href":"https:\/\/kazarishop.com.br\/index.php\/wp-json\/wp\/v2\/media\/1749"}],"wp:attachment":[{"href":"https:\/\/kazarishop.com.br\/index.php\/wp-json\/wp\/v2\/media?parent=1746"}],"wp:term":[{"taxonomy":"brand","embeddable":true,"href":"https:\/\/kazarishop.com.br\/index.php\/wp-json\/wp\/v2\/etheme_brands?post=1746"},{"taxonomy":"product_cat","embeddable":true,"href":"https:\/\/kazarishop.com.br\/index.php\/wp-json\/wp\/v2\/product_cat?post=1746"},{"taxonomy":"product_tag","embeddable":true,"href":"https:\/\/kazarishop.com.br\/index.php\/wp-json\/wp\/v2\/product_tag?post=1746"}],"curies":[{"name":"wp","href":"https:\/\/api.w.org\/{rel}","templated":true}]}}