{"id":1740,"date":"2024-07-15T17:06:49","date_gmt":"2024-07-15T17:06:49","guid":{"rendered":"https:\/\/kazarishop.com.br\/?post_type=product&#038;p=1740"},"modified":"2024-07-15T17:09:42","modified_gmt":"2024-07-15T17:09:42","slug":"espremedor-de-pasta-de-dente","status":"publish","type":"product","link":"https:\/\/kazarishop.com.br\/index.php\/product\/espremedor-de-pasta-de-dente\/","title":{"rendered":"Espremedor de Pasta de Dente"},"content":{"rendered":"<p class=\"QN2lPu\">Descri\u00e7\u00e3o do Produto:<\/p>\n<p class=\"QN2lPu\">-Pl\u00e1stico Pp de alta qualidade, dur\u00e1vel<\/p>\n<p class=\"QN2lPu\">-Voc\u00ea Pode consertar a pasta de dente na pasta de dente. Ao us\u00e1-lo, voc\u00ea pode espremer. Muito conveniente. Quando voc\u00ea n\u00e3o estiver usando, coloque a pasta de dente e economize espa\u00e7o.<\/p>\n<p class=\"QN2lPu\">-O Fundo \u00e9 feito de resina de silicone, que \u00e9 mais suave, que pode evitar escorregar e n\u00e3o arranhar\u00e1 a \u00e1rea de trabalho<\/p>\n<p class=\"QN2lPu\">Especifica\u00e7\u00e3o:<\/p>\n<p class=\"QN2lPu\"><strong>Material:<\/strong> PP + PVC<\/p>\n<p class=\"QN2lPu\"><strong>Tamanho:<\/strong> 7 * 4 * 3,8cm<\/p>\n<p class=\"QN2lPu\"><strong>Peso:<\/strong> cerca de 60g<\/p>\n<p class=\"QN2lPu\"><strong>Cor:<\/strong> branco, azul marinho<\/p>\n<p class=\"QN2lPu\">Usos: pasta de dente de aperto, limpador facial, cosm\u00e9ticos engarrafados, etc.<\/p>\n<p class=\"QN2lPu\"><strong>Notas de Aviso:<\/strong><\/p>\n<p class=\"QN2lPu\">Devido \u00e0 diferen\u00e7a de configura\u00e7\u00f5es de ilumina\u00e7\u00e3o e tela, a cor deste item pode ser ligeiramente diferente da imagem.<\/p>\n<p class=\"QN2lPu\">Devido a diferentes m\u00e9todos de medi\u00e7\u00e3o manual, permita uma ligeira diferen\u00e7a de tamanho.<\/p>\n<p class=\"QN2lPu\"><strong>Pacote Incluso:<\/strong><\/p>\n<p class=\"QN2lPu\">Dispensador de pasta de dente<\/p>\n","protected":false},"excerpt":{"rendered":"<p>Espremedor Multifuncional De Pasta De Dente Tubo\/De Pl\u00e1stico Dom\u00e9stico\/Desmaquilhador De Limpeza Facial Stand\/Banheiro<\/p>\n","protected":false},"featured_media":1741,"template":"","meta":{"om_disable_all_campaigns":false,"_monsterinsights_skip_tracking":false,"_monsterinsights_sitenote_active":false,"_monsterinsights_sitenote_note":"","_monsterinsights_sitenote_category":0},"etheme_brands":[],"product_cat":[15],"product_tag":[],"_links":{"self":[{"href":"https:\/\/kazarishop.com.br\/index.php\/wp-json\/wp\/v2\/product\/1740"}],"collection":[{"href":"https:\/\/kazarishop.com.br\/index.php\/wp-json\/wp\/v2\/product"}],"about":[{"href":"https:\/\/kazarishop.com.br\/index.php\/wp-json\/wp\/v2\/types\/product"}],"version-history":[{"count":1,"href":"https:\/\/kazarishop.com.br\/index.php\/wp-json\/wp\/v2\/product\/1740\/revisions"}],"predecessor-version":[{"id":1743,"href":"https:\/\/kazarishop.com.br\/index.php\/wp-json\/wp\/v2\/product\/1740\/revisions\/1743"}],"wp:featuredmedia":[{"embeddable":true,"href":"https:\/\/kazarishop.com.br\/index.php\/wp-json\/wp\/v2\/media\/1741"}],"wp:attachment":[{"href":"https:\/\/kazarishop.com.br\/index.php\/wp-json\/wp\/v2\/media?parent=1740"}],"wp:term":[{"taxonomy":"brand","embeddable":true,"href":"https:\/\/kazarishop.com.br\/index.php\/wp-json\/wp\/v2\/etheme_brands?post=1740"},{"taxonomy":"product_cat","embeddable":true,"href":"https:\/\/kazarishop.com.br\/index.php\/wp-json\/wp\/v2\/product_cat?post=1740"},{"taxonomy":"product_tag","embeddable":true,"href":"https:\/\/kazarishop.com.br\/index.php\/wp-json\/wp\/v2\/product_tag?post=1740"}],"curies":[{"name":"wp","href":"https:\/\/api.w.org\/{rel}","templated":true}]}}