{"id":1736,"date":"2024-07-15T16:56:51","date_gmt":"2024-07-15T16:56:51","guid":{"rendered":"https:\/\/kazarishop.com.br\/?post_type=product&#038;p=1736"},"modified":"2024-07-15T16:56:51","modified_gmt":"2024-07-15T16:56:51","slug":"espremedor-de-pasta-de-dente-hello-kitty","status":"publish","type":"product","link":"https:\/\/kazarishop.com.br\/index.php\/product\/espremedor-de-pasta-de-dente-hello-kitty\/","title":{"rendered":"Espremedor de pasta de dente Hello Kitty"},"content":{"rendered":"<p>Espremedor de pasta de dente ABS<\/p>\n<p><strong>Cor:<\/strong> Branco\/Rosa<\/p>\n<p><strong>Tamanho:<\/strong>\u00a0 8 x 4,5cm<\/p>\n<p><strong>Aplic\u00e1vel:<\/strong> Banheiro<\/p>\n<p><strong>Modelo<\/strong>: Hello Kitty<\/p>\n<p><strong>Caracter\u00edsticas: <\/strong><\/p>\n<p><strong>1.<\/strong> Higiene \u00d3ptica de Materiais de Alta Qualidade, Dur\u00e1vel E Garantindo. Derramamentos de pasta de dente e Ol\u00e1 A uma limpeza Diga adeus \u00e0 pasta de dente bagun\u00e7ada de dente derramamentos e Ol\u00e1 A uma bancada de banheiro limpa.<\/p>\n<p><strong>2.<\/strong> O Design \u00e9 simples e elegante, adicionando um toque de eleg\u00e2ncia \u00e0 decora\u00e7\u00e3o do seu banheiro. Tamb\u00e9m pode ser usado como copo vers\u00e1til para itens pequenos ou como copo de dente de casais bonitos.<\/p>\n<p><strong>3.<\/strong> O Design transparente permite que voc\u00ea veja facilmente o n\u00edvel da \u00e1gua, garantindo a montagem adequada de \u00e1gua em Flushing. A superf\u00edcie lisa torna a limpeza sem esfor\u00e7o, economizando tempo e energia.<\/p>\n<p><strong>4.<\/strong> Tamanho Compacto, Perfeito Para Banheiros Pequenos Ou Viagens. O seu Design de economia de espa\u00e7o permite armazenar escovas de dentes e pasta de dente ordenadamente, mantendo seu banheiro arrumado.<\/p>\n<p><strong>5.<\/strong> Opera\u00e7\u00e3o simples, sem pregos ou perfura\u00e7\u00e3o necess\u00e1ria, um empurr\u00e3o, a pasta de dente sai automaticamente, e a montagem pode ser controlada de acordo com a for\u00e7a Inclu\u00eddo no Pacote do pacote: Inclu\u00eddo no Pacote: Espremedor de pasta de dente 1 * espremedor de dente<\/p>\n","protected":false},"excerpt":{"rendered":"<p>Esprema pasta de dente automaticamente de maneira f\u00e1cil, poupando trabalho. Com um simples empurr\u00e3o suave a pasta de dente \u00e9 espremida automaticamente, fazendo as crian\u00e7as se apaixonarem por escovar os dentes. F\u00e1cil utiliza\u00e7\u00e3o e instala\u00e7\u00e3o, sem pregos e sem perfura\u00e7\u00e3o.<\/p>\n","protected":false},"featured_media":1737,"template":"","meta":{"om_disable_all_campaigns":false,"_monsterinsights_skip_tracking":false,"_monsterinsights_sitenote_active":false,"_monsterinsights_sitenote_note":"","_monsterinsights_sitenote_category":0},"etheme_brands":[],"product_cat":[15],"product_tag":[],"_links":{"self":[{"href":"https:\/\/kazarishop.com.br\/index.php\/wp-json\/wp\/v2\/product\/1736"}],"collection":[{"href":"https:\/\/kazarishop.com.br\/index.php\/wp-json\/wp\/v2\/product"}],"about":[{"href":"https:\/\/kazarishop.com.br\/index.php\/wp-json\/wp\/v2\/types\/product"}],"version-history":[{"count":1,"href":"https:\/\/kazarishop.com.br\/index.php\/wp-json\/wp\/v2\/product\/1736\/revisions"}],"predecessor-version":[{"id":1739,"href":"https:\/\/kazarishop.com.br\/index.php\/wp-json\/wp\/v2\/product\/1736\/revisions\/1739"}],"wp:featuredmedia":[{"embeddable":true,"href":"https:\/\/kazarishop.com.br\/index.php\/wp-json\/wp\/v2\/media\/1737"}],"wp:attachment":[{"href":"https:\/\/kazarishop.com.br\/index.php\/wp-json\/wp\/v2\/media?parent=1736"}],"wp:term":[{"taxonomy":"brand","embeddable":true,"href":"https:\/\/kazarishop.com.br\/index.php\/wp-json\/wp\/v2\/etheme_brands?post=1736"},{"taxonomy":"product_cat","embeddable":true,"href":"https:\/\/kazarishop.com.br\/index.php\/wp-json\/wp\/v2\/product_cat?post=1736"},{"taxonomy":"product_tag","embeddable":true,"href":"https:\/\/kazarishop.com.br\/index.php\/wp-json\/wp\/v2\/product_tag?post=1736"}],"curies":[{"name":"wp","href":"https:\/\/api.w.org\/{rel}","templated":true}]}}