{"id":1724,"date":"2024-07-15T16:27:00","date_gmt":"2024-07-15T16:27:00","guid":{"rendered":"https:\/\/kazarishop.com.br\/?post_type=product&#038;p=1724"},"modified":"2024-07-15T16:47:03","modified_gmt":"2024-07-15T16:47:03","slug":"clipe-de-luva-isolado-estilo-japones","status":"publish","type":"product","link":"https:\/\/kazarishop.com.br\/index.php\/product\/clipe-de-luva-isolado-estilo-japones\/","title":{"rendered":"Clipe de luva isolado estilo japon\u00eas"},"content":{"rendered":"<p><span class=\"a-list-item\"><strong>Material:<\/strong> o material de composi\u00e7\u00e3o principal desta tampa de suporte de panela \u00e9 principalmente pano de lavagem de algod\u00e3o e couro PU, macio e confort\u00e1vel, f\u00e1cil de absorver \u00e1gua, isolamento t\u00e9rmico e anti-queimaduras, conveniente e pr\u00e1tico.<\/span><\/p>\n<p><span class=\"a-list-item\"><strong>Tamanho:<\/strong> o tamanho desta tampa de grampo de panela ecol\u00f3gica e dur\u00e1vel \u00e9 conforme mostrado na imagem, h\u00e1 quatro cores para escolher, adequado para a maioria das fam\u00edlias.<\/span><\/p>\n<p><span class=\"a-list-item\"><strong>Design:<\/strong> esta tampa de grampo de panela tem um design c\u00f4nico com um anel, f\u00e1cil de pendurar e economizar espa\u00e7o. A tampa protetora \u00e9 f\u00e1cil de limpar e recomendamos lav\u00e1-la suavemente \u00e0 m\u00e3o.<\/span><\/p>\n<p><strong>Cor:<\/strong> vermelho, vermelho escuro, branco, azul\/branco, azul escuro.<\/p>\n<p><strong>Estilo:<\/strong> como mostrado<\/p>\n<p>O pacote cont\u00e9m: 1 pe\u00e7a de tampa de clipe de panela<\/p>\n<p><strong>Caracter\u00edsticas: <\/strong><\/p>\n<p><strong>1.<\/strong> O \u00fanico pode ser usado para tirar a tampa, e o duplo pode ser usado para segurar a al\u00e7a da panela;<\/p>\n<p><strong>2.<\/strong> Isolamento t\u00e9rmico e antiqueimadura;<\/p>\n<p><strong>3.<\/strong> Com la\u00e7o, f\u00e1cil de pendurar. A capa protetora \u00e9 f\u00e1cil de limpar, recomenda-se limp\u00e1-la \u00e0 m\u00e3o.<\/p>\n<p><strong>Aviso:<\/strong><\/p>\n<p><strong>1.<\/strong> Considere uma diferen\u00e7a de 1 a 3 cm devido \u00e0 medi\u00e7\u00e3o manual e certifique-se de que n\u00e3o se importa com isso antes de fazer o pedido.<\/p>\n<p><strong>2.<\/strong> Por favor, entenda que as cores podem existir aberra\u00e7\u00e3o crom\u00e1tica devido ao posicionamento diferente das imagens.<\/p>\n<p><strong>3.<\/strong> Corte e costura feitos \u00e0 m\u00e3o, acabamento pesado, \u00e9 inevit\u00e1vel que haja rebarbas, fios e p\u00e9s irregulares, o que n\u00e3o afetar\u00e1 o uso normal.<\/p>\n","protected":false},"excerpt":{"rendered":"<p>Clipe de luva estilo japon\u00eas \u00e9 um \u00f3timo acess\u00f3rio para proteger sua m\u00e3o ao abrir ou mover panela quentes, forno para assar. \u00c9 feita de material com um bom efeito de isolamento t\u00e9rmico, para segurar objetos quentes e proteger suas m\u00e3os de panelas escaldantes.<\/p>\n","protected":false},"featured_media":1727,"template":"","meta":{"om_disable_all_campaigns":false,"_monsterinsights_skip_tracking":false,"_monsterinsights_sitenote_active":false,"_monsterinsights_sitenote_note":"","_monsterinsights_sitenote_category":0},"etheme_brands":[],"product_cat":[15],"product_tag":[],"_links":{"self":[{"href":"https:\/\/kazarishop.com.br\/index.php\/wp-json\/wp\/v2\/product\/1724"}],"collection":[{"href":"https:\/\/kazarishop.com.br\/index.php\/wp-json\/wp\/v2\/product"}],"about":[{"href":"https:\/\/kazarishop.com.br\/index.php\/wp-json\/wp\/v2\/types\/product"}],"version-history":[{"count":2,"href":"https:\/\/kazarishop.com.br\/index.php\/wp-json\/wp\/v2\/product\/1724\/revisions"}],"predecessor-version":[{"id":1735,"href":"https:\/\/kazarishop.com.br\/index.php\/wp-json\/wp\/v2\/product\/1724\/revisions\/1735"}],"wp:featuredmedia":[{"embeddable":true,"href":"https:\/\/kazarishop.com.br\/index.php\/wp-json\/wp\/v2\/media\/1727"}],"wp:attachment":[{"href":"https:\/\/kazarishop.com.br\/index.php\/wp-json\/wp\/v2\/media?parent=1724"}],"wp:term":[{"taxonomy":"brand","embeddable":true,"href":"https:\/\/kazarishop.com.br\/index.php\/wp-json\/wp\/v2\/etheme_brands?post=1724"},{"taxonomy":"product_cat","embeddable":true,"href":"https:\/\/kazarishop.com.br\/index.php\/wp-json\/wp\/v2\/product_cat?post=1724"},{"taxonomy":"product_tag","embeddable":true,"href":"https:\/\/kazarishop.com.br\/index.php\/wp-json\/wp\/v2\/product_tag?post=1724"}],"curies":[{"name":"wp","href":"https:\/\/api.w.org\/{rel}","templated":true}]}}