{"id":1714,"date":"2024-07-15T15:49:26","date_gmt":"2024-07-15T15:49:26","guid":{"rendered":"https:\/\/kazarishop.com.br\/?post_type=product&#038;p=1714"},"modified":"2024-07-15T16:06:37","modified_gmt":"2024-07-15T16:06:37","slug":"toalha-de-mao-de-secagem-rapida","status":"publish","type":"product","link":"https:\/\/kazarishop.com.br\/index.php\/product\/toalha-de-mao-de-secagem-rapida\/","title":{"rendered":"Toalha de m\u00e3o de secagem r\u00e1pida"},"content":{"rendered":"<ul class=\"a-unordered-list a-vertical a-spacing-mini\">\n<li class=\"a-spacing-mini\"><span class=\"a-list-item\">Macio e respir\u00e1vel: a toalha de banho \u00e9 feita de l\u00e3 coral, macia, respir\u00e1vel, de alta absor\u00e7\u00e3o e secagem r\u00e1pida. Adequado para m\u00e3os e rosto.<\/span><\/li>\n<li class=\"a-spacing-mini\"><span class=\"a-list-item\">ULTRA ABSORVENTE: Essas toalhas absorventes de \u00e1gua podem absorver v\u00e1rias vezes seu pr\u00f3prio peso, mais absorventes do que as microfibras de limpeza tradicionais, o que permite reduzir significativamente o tempo de secagem.<\/span><\/li>\n<li class=\"a-spacing-mini\"><span class=\"a-list-item\">Amplo Uso Esta toalha pode ser usada n\u00e3o apenas como uma toalha seca, mas tamb\u00e9m para embelezar a vida e decorar a casa com um visual fofo. Perfeito para cozinha, banheiro, porta de geladeira, escrit\u00f3rio, etc.<\/span><\/li>\n<li class=\"a-spacing-mini\"><span class=\"a-list-item\">Cord\u00e3o para pendurar: esta toalha de m\u00e3o estilosa e pr\u00e1tica tem um design de cord\u00e3o, que pode garantir economia de espa\u00e7o, secagem r\u00e1pida e permanecer seca por muito tempo.<\/span><\/li>\n<li class=\"a-spacing-mini\"><span class=\"a-list-item\">F\u00c1CIL DE LAVAR E CUIDAR &#8211; Toalhas de m\u00e3o de cozinha podem ser lavadas \u00e0 m\u00e3o ou \u00e0 m\u00e1quina separadamente de outros itens. N\u00e3o alvejar, n\u00e3o secar em tambor, n\u00e3o lavar a seco.<\/span><\/li>\n<\/ul>\n<p>Caracter\u00edsticas:<br \/>\n1. A toalha de m\u00e3o fofa vem com um cord\u00e3o para economizar espa\u00e7o.<br \/>\n2. A toalha de banheiro \u00e9 feita de l\u00e3 coral, macia, respir\u00e1vel e de alta absor\u00e7\u00e3o.<br \/>\n3. Lavar \u00e0 m\u00e3o ou \u00e0 m\u00e1quina em \u00e1gua e secar ao ar.<\/p>\n<p>Especifica\u00e7\u00e3o:<br \/>\nNome: Toalha de m\u00e3o<br \/>\nMaterial: l\u00e3 coral<br \/>\nTamanho: cerca de 40*25,5*2cm<\/p>\n<p>Observa\u00e7\u00f5es:<br \/>\n1. Devido a diferentes efeitos de monitor e luz, a cor real do item pode ser ligeiramente diferente da cor mostrada nas fotos.<br \/>\n2. Por favor, perdoe um ligeiro desvio de medi\u00e7\u00e3o devido \u00e0 medi\u00e7\u00e3o manual.<\/p>\n","protected":false},"excerpt":{"rendered":"<p>Projetado com animais fofos, cores frescas para deixar voc\u00ea de bom humor ao usar a toalha de m\u00e3o.<\/p>\n","protected":false},"featured_media":1720,"template":"","meta":{"om_disable_all_campaigns":false,"_monsterinsights_skip_tracking":false,"_monsterinsights_sitenote_active":false,"_monsterinsights_sitenote_note":"","_monsterinsights_sitenote_category":0},"etheme_brands":[],"product_cat":[15],"product_tag":[],"_links":{"self":[{"href":"https:\/\/kazarishop.com.br\/index.php\/wp-json\/wp\/v2\/product\/1714"}],"collection":[{"href":"https:\/\/kazarishop.com.br\/index.php\/wp-json\/wp\/v2\/product"}],"about":[{"href":"https:\/\/kazarishop.com.br\/index.php\/wp-json\/wp\/v2\/types\/product"}],"version-history":[{"count":2,"href":"https:\/\/kazarishop.com.br\/index.php\/wp-json\/wp\/v2\/product\/1714\/revisions"}],"predecessor-version":[{"id":1716,"href":"https:\/\/kazarishop.com.br\/index.php\/wp-json\/wp\/v2\/product\/1714\/revisions\/1716"}],"wp:featuredmedia":[{"embeddable":true,"href":"https:\/\/kazarishop.com.br\/index.php\/wp-json\/wp\/v2\/media\/1720"}],"wp:attachment":[{"href":"https:\/\/kazarishop.com.br\/index.php\/wp-json\/wp\/v2\/media?parent=1714"}],"wp:term":[{"taxonomy":"brand","embeddable":true,"href":"https:\/\/kazarishop.com.br\/index.php\/wp-json\/wp\/v2\/etheme_brands?post=1714"},{"taxonomy":"product_cat","embeddable":true,"href":"https:\/\/kazarishop.com.br\/index.php\/wp-json\/wp\/v2\/product_cat?post=1714"},{"taxonomy":"product_tag","embeddable":true,"href":"https:\/\/kazarishop.com.br\/index.php\/wp-json\/wp\/v2\/product_tag?post=1714"}],"curies":[{"name":"wp","href":"https:\/\/api.w.org\/{rel}","templated":true}]}}