{"id":1704,"date":"2024-07-15T14:59:41","date_gmt":"2024-07-15T14:59:41","guid":{"rendered":"https:\/\/kazarishop.com.br\/?post_type=product&#038;p=1704"},"modified":"2024-07-15T15:14:05","modified_gmt":"2024-07-15T15:14:05","slug":"suporte-tartaruga-para-escova-de-dentes-montado-na-parede","status":"publish","type":"product","link":"https:\/\/kazarishop.com.br\/index.php\/product\/suporte-tartaruga-para-escova-de-dentes-montado-na-parede\/","title":{"rendered":"Suporte Tartaruga para escova de dentes montado na parede"},"content":{"rendered":"<p>&nbsp;<\/p>\n<div id=\"featurebullets_feature_div\" class=\"celwidget\" data-feature-name=\"featurebullets\" data-csa-c-type=\"widget\" data-csa-c-content-id=\"featurebullets\" data-csa-c-slot-id=\"featurebullets_feature_div\" data-csa-c-asin=\"B0CR33YKKR\" data-csa-c-is-in-initial-active-row=\"false\" data-csa-c-id=\"3xfq-e2bnp1-lcrvnn-sd8b7y\" data-cel-widget=\"featurebullets_feature_div\">\n<div id=\"feature-bullets\" class=\"a-section a-spacing-medium a-spacing-top-small\">\n<ul class=\"a-unordered-list a-vertical a-spacing-mini\">\n<li class=\"a-spacing-mini\"><span class=\"a-list-item\">Suporte de escovas de dentes &#8212; design fofo, criativo e atraente.<\/span><\/li>\n<li class=\"a-spacing-mini\"><span class=\"a-list-item\">Escovas de dentes para crian\u00e7as &#8212; f\u00e1cil de usar. uma boa decora\u00e7\u00e3o para banheiro.<\/span><\/li>\n<li class=\"a-spacing-mini\"><span class=\"a-list-item\">Crian\u00e7as&#8211; suportes de escova de dentes multifuncionais, pr\u00e1ticos.<\/span><\/li>\n<li class=\"a-spacing-mini\"><span class=\"a-list-item\">Suporte de escova de dentes de animal &#8212; feito de material, dur\u00e1vel para usar.<\/span><\/li>\n<li class=\"a-spacing-mini\"><span class=\"a-list-item\">Suporte de escova de dentes &#8212; mantenha o suporte organizado em seu banheiro.<\/span><\/li>\n<\/ul>\n<\/div>\n<\/div>\n<div id=\"provenanceCertifications_feature_div\" class=\"celwidget\" data-feature-name=\"provenanceCertifications\" data-csa-c-type=\"widget\" data-csa-c-content-id=\"provenanceCertifications\" data-csa-c-slot-id=\"provenanceCertifications_feature_div\" data-csa-c-asin=\"B0CR33YKKR\" data-csa-c-is-in-initial-active-row=\"false\" data-csa-c-id=\"j5gna7-6dlk78-bulsl0-2zw39u\" data-cel-widget=\"provenanceCertifications_feature_div\">&#8211; Material: PP e PVC.<br \/>\n&#8211; Tamanho: cerca de 16&#215;15 cm.<br \/>\n&#8211; Porta-escovas de dentes multifuncional, pr\u00e1tico suporte de pasta de dente.<br \/>\nF\u00e1cil de usar. Uma boa decora\u00e7\u00e3o para escovas de dentes de banheiro para crian\u00e7as.<br \/>\n&#8211; Escova de dentes de design, criativa e atraente.<br \/>\n&#8211; F\u00e1cil organiza\u00e7\u00e3o e montagem.<br \/>\n&#8211; Feito de material, dur\u00e1vel para usar suporte de escovas de dentes.<\/div>\n<div id=\"customerReviewsAttribute_feature_div\" class=\"celwidget\" data-feature-name=\"customerReviewsAttribute\" data-csa-c-type=\"widget\" data-csa-c-content-id=\"customerReviewsAttribute\" data-csa-c-slot-id=\"customerReviewsAttribute_feature_div\" data-csa-c-asin=\"B0CR33YKKR\" data-csa-c-is-in-initial-active-row=\"false\" data-csa-c-id=\"m9ydr5-o6gana-4mpzjl-hdezn5\" data-cel-widget=\"customerReviewsAttribute_feature_div\"><\/div>\n<div id=\"globalStoreInfoBullets_feature_div\" class=\"celwidget\" data-feature-name=\"globalStoreInfoBullets\" data-csa-c-type=\"widget\" data-csa-c-content-id=\"globalStoreInfoBullets\" data-csa-c-slot-id=\"globalStoreInfoBullets_feature_div\" data-csa-c-asin=\"B0CR33YKKR\" data-csa-c-is-in-initial-active-row=\"false\" data-csa-c-id=\"ia5stc-c9yr3c-hgm72z-dvq2wx\" data-cel-widget=\"globalStoreInfoBullets_feature_div\"><\/div>\n","protected":false},"excerpt":{"rendered":"<div id=\"amazonGlobal_feature_div\" class=\"celwidget\" data-feature-name=\"amazonGlobal\" data-csa-c-type=\"widget\" data-csa-c-content-id=\"amazonGlobal\" data-csa-c-slot-id=\"amazonGlobal_feature_div\" data-csa-c-asin=\"B0CR33YKKR\" data-csa-c-is-in-initial-active-row=\"false\" data-csa-c-id=\"yyb02n-d71zjy-ep1d0y-7n8ge9\" data-cel-widget=\"amazonGlobal_feature_div\">Suporte para escova de dente em formato de tartaruga, este suporte de escova de dentes \u00e9 saud\u00e1vel, confi\u00e1vel e dur\u00e1vel, seguro e higi\u00eanico.\u00a0 \u00c9 perfeito como decora\u00e7\u00e3o de sua casa. Resistente ao desbotamento e ao desgaste, pode ser colocado em qualquer lugar do azulejo como voc\u00ea quiser.\u00a0 Mantenha suas escovas de dentes organizadas.<\/div>\n<div id=\"addOnItem_feature_div\" class=\"celwidget\" data-feature-name=\"addOnItem\" data-csa-c-type=\"widget\" data-csa-c-content-id=\"addOnItem\" data-csa-c-slot-id=\"addOnItem_feature_div\" data-csa-c-asin=\"B0CR33YKKR\" data-csa-c-is-in-initial-active-row=\"false\" data-csa-c-id=\"d2c4jk-4qalal-cor8wq-dgbhnd\" data-cel-widget=\"addOnItem_feature_div\"><\/div>\n<div id=\"giftcard-holiday-availability-messaging_feature_div\" class=\"celwidget\" data-feature-name=\"giftCardHolidayAvailabilityMessaging\" data-csa-c-type=\"widget\" data-csa-c-content-id=\"giftCardHolidayAvailabilityMessaging\" data-csa-c-slot-id=\"giftcard-holiday-availability-messaging_feature_div\" data-csa-c-asin=\"B0CR33YKKR\" data-csa-c-is-in-initial-active-row=\"false\" data-csa-c-id=\"hg3liz-g0u93n-z5y8l1-olkcow\" data-cel-widget=\"giftcard-holiday-availability-messaging_feature_div\"><\/div>\n<div id=\"andonCord_feature_div\" class=\"celwidget\" data-feature-name=\"andonCord\" data-csa-c-type=\"widget\" data-csa-c-content-id=\"andonCord\" data-csa-c-slot-id=\"andonCord_feature_div\" data-csa-c-asin=\"B0CR33YKKR\" data-csa-c-is-in-initial-active-row=\"false\" data-csa-c-id=\"f4u23l-mfdri9-odzo85-j0i4je\" data-cel-widget=\"andonCord_feature_div\"><\/div>\n<div id=\"olp_feature_div\" class=\"celwidget\" data-feature-name=\"olp\" data-csa-c-type=\"widget\" data-csa-c-content-id=\"olp\" data-csa-c-slot-id=\"olp_feature_div\" data-csa-c-asin=\"B0CR33YKKR\" data-csa-c-is-in-initial-active-row=\"false\" data-csa-c-id=\"1ycc2y-aq4c7g-z73266-mdavov\" data-cel-widget=\"olp_feature_div\"><\/div>\n","protected":false},"featured_media":1713,"template":"","meta":{"om_disable_all_campaigns":false,"_monsterinsights_skip_tracking":false,"_monsterinsights_sitenote_active":false,"_monsterinsights_sitenote_note":"","_monsterinsights_sitenote_category":0},"etheme_brands":[],"product_cat":[15],"product_tag":[],"_links":{"self":[{"href":"https:\/\/kazarishop.com.br\/index.php\/wp-json\/wp\/v2\/product\/1704"}],"collection":[{"href":"https:\/\/kazarishop.com.br\/index.php\/wp-json\/wp\/v2\/product"}],"about":[{"href":"https:\/\/kazarishop.com.br\/index.php\/wp-json\/wp\/v2\/types\/product"}],"version-history":[{"count":3,"href":"https:\/\/kazarishop.com.br\/index.php\/wp-json\/wp\/v2\/product\/1704\/revisions"}],"predecessor-version":[{"id":1710,"href":"https:\/\/kazarishop.com.br\/index.php\/wp-json\/wp\/v2\/product\/1704\/revisions\/1710"}],"wp:featuredmedia":[{"embeddable":true,"href":"https:\/\/kazarishop.com.br\/index.php\/wp-json\/wp\/v2\/media\/1713"}],"wp:attachment":[{"href":"https:\/\/kazarishop.com.br\/index.php\/wp-json\/wp\/v2\/media?parent=1704"}],"wp:term":[{"taxonomy":"brand","embeddable":true,"href":"https:\/\/kazarishop.com.br\/index.php\/wp-json\/wp\/v2\/etheme_brands?post=1704"},{"taxonomy":"product_cat","embeddable":true,"href":"https:\/\/kazarishop.com.br\/index.php\/wp-json\/wp\/v2\/product_cat?post=1704"},{"taxonomy":"product_tag","embeddable":true,"href":"https:\/\/kazarishop.com.br\/index.php\/wp-json\/wp\/v2\/product_tag?post=1704"}],"curies":[{"name":"wp","href":"https:\/\/api.w.org\/{rel}","templated":true}]}}