{"id":1691,"date":"2024-07-15T14:07:39","date_gmt":"2024-07-15T14:07:39","guid":{"rendered":"https:\/\/kazarishop.com.br\/?post_type=product&#038;p=1691"},"modified":"2024-07-15T17:35:37","modified_gmt":"2024-07-15T17:35:37","slug":"caixa-de-talheres","status":"publish","type":"product","link":"https:\/\/kazarishop.com.br\/index.php\/product\/caixa-de-talheres\/","title":{"rendered":"Caixa de Talheres"},"content":{"rendered":"<p>Caixa porta talheres de Cozinha multi-fun\u00e7\u00e3o com parti\u00e7\u00e3o rack oco para colher, garfo, faca e prateleira 1pc<\/p>\n<p>Descri\u00e7\u00e3o:<br \/>\n1.100% nova qualidade e de alta qualidade<br \/>\n2.Material: pl\u00e1stico<br \/>\n3. Tamanho: 14,5*18*7,5 cm<br \/>\n4. A forma em formato de morango, projeto oco, ventilado e seco, dreno inferior, pode eficazmente impedir o crescimento das bact\u00e9rias, f\u00e1cil de limpar, grande capacidade, pode armazenar v\u00e1rios utens\u00edlios de mesa<br \/>\n5. criativo e multifuncional para armazenar e secar utens\u00edlios e talheres da cozinha, \u00a0como garfo, colher e faca, entre outros.<br \/>\n6. O tamanho \u00e9 medido manualmente, ent\u00e3o o resultado da medi\u00e7\u00e3o ter\u00e1 um erro de 1-2cm. Os produtos vendidos nesta loja s\u00e3o todos produtos reais. Devido ao uso de luz, display e \u00e2ngulo, pode ocorrer uma aberra\u00e7\u00e3o crom\u00e1tica. A imagem \u00e9 apenas para refer\u00eancia, sujeito ao produto real<\/p>\n","protected":false},"excerpt":{"rendered":"<p>Tenha um porta talheres moderno com escorredor e organizador em formato de morango. D\u00ea este toque divertido e cheio de estilo a decora\u00e7\u00e3o da sua cozinha, al\u00e9m de deixar seus talheres secando com total seguran\u00e7a e praticidade.<\/p>\n","protected":false},"featured_media":1702,"template":"","meta":{"om_disable_all_campaigns":false,"_monsterinsights_skip_tracking":false,"_monsterinsights_sitenote_active":false,"_monsterinsights_sitenote_note":"","_monsterinsights_sitenote_category":0},"etheme_brands":[],"product_cat":[15],"product_tag":[],"_links":{"self":[{"href":"https:\/\/kazarishop.com.br\/index.php\/wp-json\/wp\/v2\/product\/1691"}],"collection":[{"href":"https:\/\/kazarishop.com.br\/index.php\/wp-json\/wp\/v2\/product"}],"about":[{"href":"https:\/\/kazarishop.com.br\/index.php\/wp-json\/wp\/v2\/types\/product"}],"version-history":[{"count":4,"href":"https:\/\/kazarishop.com.br\/index.php\/wp-json\/wp\/v2\/product\/1691\/revisions"}],"predecessor-version":[{"id":1699,"href":"https:\/\/kazarishop.com.br\/index.php\/wp-json\/wp\/v2\/product\/1691\/revisions\/1699"}],"wp:featuredmedia":[{"embeddable":true,"href":"https:\/\/kazarishop.com.br\/index.php\/wp-json\/wp\/v2\/media\/1702"}],"wp:attachment":[{"href":"https:\/\/kazarishop.com.br\/index.php\/wp-json\/wp\/v2\/media?parent=1691"}],"wp:term":[{"taxonomy":"brand","embeddable":true,"href":"https:\/\/kazarishop.com.br\/index.php\/wp-json\/wp\/v2\/etheme_brands?post=1691"},{"taxonomy":"product_cat","embeddable":true,"href":"https:\/\/kazarishop.com.br\/index.php\/wp-json\/wp\/v2\/product_cat?post=1691"},{"taxonomy":"product_tag","embeddable":true,"href":"https:\/\/kazarishop.com.br\/index.php\/wp-json\/wp\/v2\/product_tag?post=1691"}],"curies":[{"name":"wp","href":"https:\/\/api.w.org\/{rel}","templated":true}]}}